{"id":3227,"date":"2021-07-26T13:04:27","date_gmt":"2021-07-26T16:04:27","guid":{"rendered":"https:\/\/thegaiaproject.orangesprocket.com\/?page_id=3227"},"modified":"2022-08-17T14:41:29","modified_gmt":"2022-08-17T17:41:29","slug":"merci","status":"publish","type":"page","link":"https:\/\/thegaiaproject.ca\/fr\/merci\/","title":{"rendered":"Merci! &#8211; Nous vous contacterons"},"content":{"rendered":"<p>Votre message a \u00e9t\u00e9 re\u00e7u et nous communiquerons avec vous sous peu.<\/p>\n","protected":false},"excerpt":{"rendered":"<p>Votre message a \u00e9t\u00e9 re\u00e7u et nous communiquerons avec vous sous peu.<\/p>\n","protected":false},"author":1,"featured_media":0,"parent":0,"menu_order":10,"comment_status":"closed","ping_status":"closed","template":"","meta":{"_acf_changed":false,"_monsterinsights_skip_tracking":false,"_monsterinsights_sitenote_active":false,"_monsterinsights_sitenote_note":"","_monsterinsights_sitenote_category":0,"footnotes":""},"class_list":["post-3227","page","type-page","status-publish","hentry"],"acf":[],"aioseo_notices":[],"_links":{"self":[{"href":"https:\/\/thegaiaproject.ca\/fr\/wp-json\/wp\/v2\/pages\/3227","targetHints":{"allow":["GET"]}}],"collection":[{"href":"https:\/\/thegaiaproject.ca\/fr\/wp-json\/wp\/v2\/pages"}],"about":[{"href":"https:\/\/thegaiaproject.ca\/fr\/wp-json\/wp\/v2\/types\/page"}],"author":[{"embeddable":true,"href":"https:\/\/thegaiaproject.ca\/fr\/wp-json\/wp\/v2\/users\/1"}],"replies":[{"embeddable":true,"href":"https:\/\/thegaiaproject.ca\/fr\/wp-json\/wp\/v2\/comments?post=3227"}],"version-history":[{"count":5,"href":"https:\/\/thegaiaproject.ca\/fr\/wp-json\/wp\/v2\/pages\/3227\/revisions"}],"predecessor-version":[{"id":4975,"href":"https:\/\/thegaiaproject.ca\/fr\/wp-json\/wp\/v2\/pages\/3227\/revisions\/4975"}],"wp:attachment":[{"href":"https:\/\/thegaiaproject.ca\/fr\/wp-json\/wp\/v2\/media?parent=3227"}],"curies":[{"name":"wp","href":"https:\/\/api.w.org\/{rel}","templated":true}]}}