{"id":4468,"date":"2022-08-17T14:37:15","date_gmt":"2022-08-17T17:37:15","guid":{"rendered":"https:\/\/thegaiaproject.ca\/?page_id=4468"},"modified":"2023-08-22T12:33:46","modified_gmt":"2023-08-22T15:33:46","slug":"ressource-demandee","status":"publish","type":"page","link":"https:\/\/thegaiaproject.ca\/fr\/ressource-demandee\/","title":{"rendered":"Merci! &#8211; Ressource demand\u00e9e"},"content":{"rendered":"<p>Merci de votre int\u00e9r\u00eat pour cette ressource! V\u00e9rifiez votre boite de courriels pour les prochaines \u00e9tapes.<\/p>\n","protected":false},"excerpt":{"rendered":"<p>Merci de votre int\u00e9r\u00eat pour cette ressource! V\u00e9rifiez votre boite de courriels pour les prochaines \u00e9tapes.<\/p>\n","protected":false},"author":1,"featured_media":0,"parent":0,"menu_order":10,"comment_status":"closed","ping_status":"closed","template":"","meta":{"_acf_changed":false,"_monsterinsights_skip_tracking":false,"_monsterinsights_sitenote_active":false,"_monsterinsights_sitenote_note":"","_monsterinsights_sitenote_category":0,"footnotes":""},"class_list":["post-4468","page","type-page","status-publish","hentry"],"acf":[],"aioseo_notices":[],"_links":{"self":[{"href":"https:\/\/thegaiaproject.ca\/fr\/wp-json\/wp\/v2\/pages\/4468","targetHints":{"allow":["GET"]}}],"collection":[{"href":"https:\/\/thegaiaproject.ca\/fr\/wp-json\/wp\/v2\/pages"}],"about":[{"href":"https:\/\/thegaiaproject.ca\/fr\/wp-json\/wp\/v2\/types\/page"}],"author":[{"embeddable":true,"href":"https:\/\/thegaiaproject.ca\/fr\/wp-json\/wp\/v2\/users\/1"}],"replies":[{"embeddable":true,"href":"https:\/\/thegaiaproject.ca\/fr\/wp-json\/wp\/v2\/comments?post=4468"}],"version-history":[{"count":6,"href":"https:\/\/thegaiaproject.ca\/fr\/wp-json\/wp\/v2\/pages\/4468\/revisions"}],"predecessor-version":[{"id":7176,"href":"https:\/\/thegaiaproject.ca\/fr\/wp-json\/wp\/v2\/pages\/4468\/revisions\/7176"}],"wp:attachment":[{"href":"https:\/\/thegaiaproject.ca\/fr\/wp-json\/wp\/v2\/media?parent=4468"}],"curies":[{"name":"wp","href":"https:\/\/api.w.org\/{rel}","templated":true}]}}