{"id":4703,"date":"2019-11-29T10:00:07","date_gmt":"2019-11-29T13:00:07","guid":{"rendered":"https:\/\/thegaiaproject.ca\/donate\/"},"modified":"2025-12-09T12:15:08","modified_gmt":"2025-12-09T15:15:08","slug":"don","status":"publish","type":"page","link":"https:\/\/thegaiaproject.ca\/fr\/don\/","title":{"rendered":"Fa\u00e7ons de donner"},"content":{"rendered":"<p>Le Projet Gaia travaille dans les salles de classe du Nouveau-Brunswick depuis 2009, offrant des programmes pratiques d\u2019\u00e9ducation \u00e0 l\u2019environnement. Nous sommes actifs dans les \u00e9coles anglophones et francophones des sept districts scolaires. Votre appui nous permet de continuer de donner aux jeunes les moyens de construire un avenir plus durable pour nous tous. Vos dons nous permettent de :<\/p> \r\n\r\n<ul> \r\n\r\n<li>fournir des programmes pratiques d\u2019\u00e9ducation \u00e0 l\u2019environnement dans les sept districts scolaires du Nouveau-Brunswick.<\/li> \r\n\r\n<li>donner aux \u00e9l\u00e8ves les moyens d\u2019explorer leur relation avec le climat.<\/li> \r\n\r\n<li>offrir des activit\u00e9s de perfectionnement professionnel au personnel enseignant ainsi que des ressources pour int\u00e9grer les changements climatiques dans leurs classes.<\/li> \r\n\r\n<\/ul> \r\n\r\n<p>Le Projet Gaia se sert de la plateforme CanaDon pour traiter les dons et \u00e9mettre des re\u00e7us fiscaux aux donateurs et donatrices de fa\u00e7on s\u00fbre et s\u00e9curis\u00e9e.<\/p> \r\n\r\n<hr \/> \r\n\r\n<script id=\"ch_cdn_embed\" type=\"text\/javascript\" src=\"https:\/\/www.canadahelps.org\/secure\/js\/cdf_embed.2.js\" charSet=\"utf-8\" data-language=\"fr\" data-page-id=\"129691\" data-root-url=\"https:\/\/www.canadahelps.org\" data-formtype=\"0\" data-cfasync=\"false\"><\/script>\r\n\r\n\r\n <!-- \/wp:post-content -->","protected":false},"excerpt":{"rendered":"<p>Le Projet Gaia travaille dans les salles de classe du Nouveau-Brunswick depuis 2009, offrant des programmes pratiques d\u2019\u00e9ducation \u00e0 l\u2019environnement. Nous sommes actifs dans les \u00e9coles anglophones et francophones des sept districts scolaires. Votre appui nous permet de continuer de donner aux jeunes les moyens de construire un avenir plus durable pour nous tous. Vos [&hellip;]<\/p>\n","protected":false},"author":1,"featured_media":0,"parent":0,"menu_order":7,"comment_status":"closed","ping_status":"closed","template":"","meta":{"_acf_changed":false,"_monsterinsights_skip_tracking":false,"_monsterinsights_sitenote_active":false,"_monsterinsights_sitenote_note":"","_monsterinsights_sitenote_category":0,"footnotes":""},"class_list":["post-4703","page","type-page","status-publish","hentry"],"acf":[],"aioseo_notices":[],"_links":{"self":[{"href":"https:\/\/thegaiaproject.ca\/fr\/wp-json\/wp\/v2\/pages\/4703","targetHints":{"allow":["GET"]}}],"collection":[{"href":"https:\/\/thegaiaproject.ca\/fr\/wp-json\/wp\/v2\/pages"}],"about":[{"href":"https:\/\/thegaiaproject.ca\/fr\/wp-json\/wp\/v2\/types\/page"}],"author":[{"embeddable":true,"href":"https:\/\/thegaiaproject.ca\/fr\/wp-json\/wp\/v2\/users\/1"}],"replies":[{"embeddable":true,"href":"https:\/\/thegaiaproject.ca\/fr\/wp-json\/wp\/v2\/comments?post=4703"}],"version-history":[{"count":87,"href":"https:\/\/thegaiaproject.ca\/fr\/wp-json\/wp\/v2\/pages\/4703\/revisions"}],"predecessor-version":[{"id":10447,"href":"https:\/\/thegaiaproject.ca\/fr\/wp-json\/wp\/v2\/pages\/4703\/revisions\/10447"}],"wp:attachment":[{"href":"https:\/\/thegaiaproject.ca\/fr\/wp-json\/wp\/v2\/media?parent=4703"}],"curies":[{"name":"wp","href":"https:\/\/api.w.org\/{rel}","templated":true}]}}