{"id":4745,"date":"2022-09-29T14:41:16","date_gmt":"2022-09-29T17:41:16","guid":{"rendered":"https:\/\/thegaiaproject.ca\/?page_id=4745"},"modified":"2023-12-20T12:35:19","modified_gmt":"2023-12-20T15:35:19","slug":"merci-pour-votre-done","status":"publish","type":"page","link":"https:\/\/thegaiaproject.ca\/fr\/merci-pour-votre-done\/","title":{"rendered":"Merci pour votre don!"},"content":{"rendered":"<div class=\"ewa-rteLine\">\n<div class=\"ewa-rteLine\"><strong>Merci pour votre g\u00e9n\u00e9rosit\u00e9!<\/strong><\/div>\n<p>&nbsp;<\/p>\n<div class=\"ewa-rteLine\"><\/div>\n<div class=\"ewa-rteLine\">Votre don est pr\u00e9cieux pour nous. Toute l\u2019\u00e9quipe du Projet Gaia vous est tr\u00e8s reconnaissante. Gr\u00e2ce \u00e0 votre appui, nous pourrons continuer d&rsquo;offrir des programmes d\u2019\u00e9ducation \u00e0 l\u2019environnement et ainsi donner aux jeunes de toute la province des moyens d\u2019agir contre les changements climatiques.<\/div>\n<div class=\"ewa-rteLine\"><\/div>\n<p>&nbsp;<\/p>\n<p class=\"ewa-rteLine\">Votre appui a une valeur inestimable pour nous.<\/p>\n<p class=\"ewa-rteLine\">Inscrivez-vous \u00e0 notre infolettre et gardez-vous au courant des derni\u00e8res nouvelles, histoires et astuces du Projet Gaia, puis plus encore!<\/p>\n<p class=\"ewa-rteLine\">\n<p><a class=\"btn btn-primary\" href=\"https:\/\/bit.ly\/Inscrivez-vous\u00e0notreinfolettre\">Inscrivez-vous<\/a>\n<\/p>\n<p>&nbsp;<\/p>\n<\/div>\n","protected":false},"excerpt":{"rendered":"<p>Merci pour votre g\u00e9n\u00e9rosit\u00e9! &nbsp; Votre don est pr\u00e9cieux pour nous. Toute l\u2019\u00e9quipe du Projet Gaia vous est tr\u00e8s reconnaissante. Gr\u00e2ce \u00e0 votre appui, nous pourrons continuer d&rsquo;offrir des programmes d\u2019\u00e9ducation \u00e0 l\u2019environnement et ainsi donner aux jeunes de toute la province des moyens d\u2019agir contre les changements climatiques. &nbsp; Votre appui a une valeur [&hellip;]<\/p>\n","protected":false},"author":24,"featured_media":0,"parent":0,"menu_order":10,"comment_status":"closed","ping_status":"closed","template":"","meta":{"_acf_changed":false,"_monsterinsights_skip_tracking":false,"_monsterinsights_sitenote_active":false,"_monsterinsights_sitenote_note":"","_monsterinsights_sitenote_category":0,"footnotes":""},"class_list":["post-4745","page","type-page","status-publish","hentry"],"acf":[],"aioseo_notices":[],"_links":{"self":[{"href":"https:\/\/thegaiaproject.ca\/fr\/wp-json\/wp\/v2\/pages\/4745","targetHints":{"allow":["GET"]}}],"collection":[{"href":"https:\/\/thegaiaproject.ca\/fr\/wp-json\/wp\/v2\/pages"}],"about":[{"href":"https:\/\/thegaiaproject.ca\/fr\/wp-json\/wp\/v2\/types\/page"}],"author":[{"embeddable":true,"href":"https:\/\/thegaiaproject.ca\/fr\/wp-json\/wp\/v2\/users\/24"}],"replies":[{"embeddable":true,"href":"https:\/\/thegaiaproject.ca\/fr\/wp-json\/wp\/v2\/comments?post=4745"}],"version-history":[{"count":11,"href":"https:\/\/thegaiaproject.ca\/fr\/wp-json\/wp\/v2\/pages\/4745\/revisions"}],"predecessor-version":[{"id":8222,"href":"https:\/\/thegaiaproject.ca\/fr\/wp-json\/wp\/v2\/pages\/4745\/revisions\/8222"}],"wp:attachment":[{"href":"https:\/\/thegaiaproject.ca\/fr\/wp-json\/wp\/v2\/media?parent=4745"}],"curies":[{"name":"wp","href":"https:\/\/api.w.org\/{rel}","templated":true}]}}