{"id":6361,"date":"2023-03-16T23:05:06","date_gmt":"2023-03-17T02:05:06","guid":{"rendered":"https:\/\/thegaiaproject.ca\/?page_id=6361"},"modified":"2023-03-16T23:05:06","modified_gmt":"2023-03-17T02:05:06","slug":"merci-2","status":"publish","type":"page","link":"https:\/\/thegaiaproject.ca\/fr\/merci-2\/","title":{"rendered":"Merci! &#8211; Liste d&rsquo;attente"},"content":{"rendered":"<p>Votre message a \u00e9t\u00e9 re\u00e7u !<\/p>\n<p>Merci d&rsquo;avoir ajout\u00e9 votre nom \u00e0 notre liste d&rsquo;attente pour ce programme.<br \/>\nNous communiquerons avec vous s&rsquo;il devient \u00e0 nouveau disponible.<\/p>\n","protected":false},"excerpt":{"rendered":"<p>Votre message a \u00e9t\u00e9 re\u00e7u ! Merci d&rsquo;avoir ajout\u00e9 votre nom \u00e0 notre liste d&rsquo;attente pour ce programme. Nous communiquerons avec vous s&rsquo;il devient \u00e0 nouveau disponible.<\/p>\n","protected":false},"author":6,"featured_media":0,"parent":0,"menu_order":10,"comment_status":"closed","ping_status":"closed","template":"","meta":{"_acf_changed":false,"_monsterinsights_skip_tracking":false,"_monsterinsights_sitenote_active":false,"_monsterinsights_sitenote_note":"","_monsterinsights_sitenote_category":0,"footnotes":""},"class_list":["post-6361","page","type-page","status-publish","hentry"],"acf":[],"aioseo_notices":[],"_links":{"self":[{"href":"https:\/\/thegaiaproject.ca\/fr\/wp-json\/wp\/v2\/pages\/6361","targetHints":{"allow":["GET"]}}],"collection":[{"href":"https:\/\/thegaiaproject.ca\/fr\/wp-json\/wp\/v2\/pages"}],"about":[{"href":"https:\/\/thegaiaproject.ca\/fr\/wp-json\/wp\/v2\/types\/page"}],"author":[{"embeddable":true,"href":"https:\/\/thegaiaproject.ca\/fr\/wp-json\/wp\/v2\/users\/6"}],"replies":[{"embeddable":true,"href":"https:\/\/thegaiaproject.ca\/fr\/wp-json\/wp\/v2\/comments?post=6361"}],"version-history":[{"count":2,"href":"https:\/\/thegaiaproject.ca\/fr\/wp-json\/wp\/v2\/pages\/6361\/revisions"}],"predecessor-version":[{"id":6365,"href":"https:\/\/thegaiaproject.ca\/fr\/wp-json\/wp\/v2\/pages\/6361\/revisions\/6365"}],"wp:attachment":[{"href":"https:\/\/thegaiaproject.ca\/fr\/wp-json\/wp\/v2\/media?parent=6361"}],"curies":[{"name":"wp","href":"https:\/\/api.w.org\/{rel}","templated":true}]}}